{"id":2,"date":"2026-02-13T19:59:43","date_gmt":"2026-02-13T19:59:43","guid":{"rendered":"http:\/\/charline-montagne.fr\/?page_id=2"},"modified":"2026-02-22T21:40:55","modified_gmt":"2026-02-22T20:40:55","slug":"sample-page","status":"publish","type":"page","link":"https:\/\/charline-montagne.fr\/?page_id=2","title":{"rendered":"Biographie"},"content":{"rendered":"\n<p>Charline Montagn\u00e9, n\u00e9e \u00e0 Nice en 1976, est une plasticienne contemporaine fran\u00e7aise.<\/p>\n\n\n\n<p>Tr\u00e8s t\u00f4t, elle s\u2019initie \u00e0 la sculpture et aux activit\u00e9s artistiques en pratiquant diff\u00e9rents stages. Elle rencontre de nombreux artistes pour partager leur technique (c\u00e9ramique, \u00e9mail, bande dessin\u00e9e, peinture sur verre, sculpture sur bois, pastels, mosa\u00efque et fresque).<\/p>\n\n\n\n<p>Elle int\u00e8gre, en Arts Appliqu\u00e9s, l\u2019\u00c9cole Nationale Sup\u00e9rieure Olivier de Serres de Paris, puis poursuit son cursus \u00e0 l\u2019\u00c9cole des Arts D\u00e9coratifs de Paris et aux Beaux-Arts de Barcelone. Elle compl\u00e8te sa formation avec un Master d\u2019Arts Plastiques \u00e0 la facult\u00e9 Paris I Sorbonne.<\/p>\n\n\n\n<p>Faisant partie d\u2019un groupe d\u2019artistes depuis dix ans, elle cr\u00e9e, peint, fa\u00e7onne et cuit \u00e0 l\u2019atelier B.O collectif.<\/p>\n\n\n\n<p>Elle s&rsquo;inspire de la mythologie, des fables, des contes et des l\u00e9gendes riches en chim\u00e8res. Les films fantastiques ou d&rsquo;animation viennent compl\u00e9ter ses investigations dans l&rsquo;hybridation et l&rsquo;onirisme.<\/p>\n\n\n\n<p>\u200b<\/p>\n\n\n\n<p>Pour les illustrations, elle utilise l\u2019aquarelle, les crayons de couleurs, le dessin, le papier d\u00e9coup\u00e9, froiss\u00e9, d\u00e9chir\u00e9.<\/p>\n\n\n\n<p>L\u2019aquarelle est trait\u00e9e sans cerne ni contour. Les couleurs respirent et le blanc circule. Le geste et le rythme du pinceau sont visibles et cr\u00e9ent des strates color\u00e9es pleines de nuances.<\/p>\n\n\n\n<p>Le volume n&rsquo;est jamais bien loin dans son travail illustr\u00e9. Il surgit parfois du livre gr\u00e2ce au \u00ab\u00a0pop up\u00a0\u00bb et peut m\u00eame s&rsquo;animer dans un court m\u00e9trage.<\/p>\n\n\n\n<p>La photographie de ses sculptures&nbsp; (gr\u00e8s ou porcelaine) cr\u00e9e des paysages \u00e0 emporter qui d\u00e9clinent des ambiances champ\u00eatres et maritimes, comme autant de petits mondes r\u00eav\u00e9s.<\/p>\n\n\n\n<p>L&rsquo;originalit\u00e9 de ses cr\u00e9ations en c\u00e9ramique vient de ses installations o\u00f9 elle va immerger, suspendre ou v\u00e9g\u00e9taliser les sculptures pour les faire dialoguer avec l&rsquo;espace et la lumi\u00e8re.<br><\/p>\n\n\n\n<p>Cr\u00e9ations \/ illustrations :<\/p>\n\n\n\n<p>&#8211; \u00ab&nbsp;pop up&nbsp;\u00bb pour un court m\u00e9trage sur Amerigo Vespucci, s\u00e9lectionn\u00e9 dans de nombreux festivals (<a href=\"https:\/\/www.amerigomovie.com\/festivals)\" target=\"_blank\" rel=\"noreferrer noopener\">https:\/\/www.amerigomovie.com\/festivals)<\/a><\/p>\n\n\n\n<p>&#8211; livre cartonn\u00e9 pour touts petits \u00ab&nbsp;Dis la mer, d\u2019o\u00f9 viens-tu&nbsp;?&nbsp;\u00bb aux \u00c9ditions La Poule qui pond.<\/p>\n\n\n\n<p>&#8211; \u00ab&nbsp;Indigo est en col\u00e8re&nbsp;\u00bb aux \u00e9ditions La Poule qui pond, m\u00e9lange technique s\u00e8che et aquarelle et fait agir le lecteur pour aider \u00e0 calmer la col\u00e8re d\u2019un petit \u00e9l\u00e9phant bleu indigo.<\/p>\n\n\n\n<p><\/p>\n","protected":false},"excerpt":{"rendered":"<p>Charline Montagn\u00e9, n\u00e9e \u00e0 Nice en 1976, est une plasticienne contemporaine fran\u00e7aise. Tr\u00e8s t\u00f4t, elle s\u2019initie \u00e0 la sculpture et aux activit\u00e9s artistiques en pratiquant diff\u00e9rents stages. Elle rencontre de nombreux artistes pour partager leur technique (c\u00e9ramique, \u00e9mail, bande dessin\u00e9e, peinture sur verre, sculpture sur bois, pastels, mosa\u00efque et fresque). Elle int\u00e8gre, en Arts Appliqu\u00e9s, [&hellip;]<\/p>\n","protected":false},"author":1,"featured_media":0,"parent":0,"menu_order":10,"comment_status":"closed","ping_status":"open","template":"","meta":{"footnotes":""},"class_list":["post-2","page","type-page","status-publish","hentry"],"_links":{"self":[{"href":"https:\/\/charline-montagne.fr\/index.php?rest_route=\/wp\/v2\/pages\/2","targetHints":{"allow":["GET"]}}],"collection":[{"href":"https:\/\/charline-montagne.fr\/index.php?rest_route=\/wp\/v2\/pages"}],"about":[{"href":"https:\/\/charline-montagne.fr\/index.php?rest_route=\/wp\/v2\/types\/page"}],"author":[{"embeddable":true,"href":"https:\/\/charline-montagne.fr\/index.php?rest_route=\/wp\/v2\/users\/1"}],"replies":[{"embeddable":true,"href":"https:\/\/charline-montagne.fr\/index.php?rest_route=%2Fwp%2Fv2%2Fcomments&post=2"}],"version-history":[{"count":1,"href":"https:\/\/charline-montagne.fr\/index.php?rest_route=\/wp\/v2\/pages\/2\/revisions"}],"predecessor-version":[{"id":13,"href":"https:\/\/charline-montagne.fr\/index.php?rest_route=\/wp\/v2\/pages\/2\/revisions\/13"}],"wp:attachment":[{"href":"https:\/\/charline-montagne.fr\/index.php?rest_route=%2Fwp%2Fv2%2Fmedia&parent=2"}],"curies":[{"name":"wp","href":"https:\/\/api.w.org\/{rel}","templated":true}]}}