{"id":24,"date":"2026-02-22T21:35:23","date_gmt":"2026-02-22T20:35:23","guid":{"rendered":"https:\/\/charline-montagne.fr\/?page_id=24"},"modified":"2026-02-22T21:35:23","modified_gmt":"2026-02-22T20:35:23","slug":"livres","status":"publish","type":"page","link":"https:\/\/charline-montagne.fr\/?page_id=24","title":{"rendered":"Livres"},"content":{"rendered":"\n<p>Livres jeunesse aux \u00e9ditions la \u00ab\u00a0Poule Qui Pond\u00a0\u00bb<\/p>\n\n\n\n<p><\/p>\n\n\n\n<div class=\"wp-block-group is-vertical is-layout-flex wp-container-core-group-is-layout-fe9cc265 wp-block-group-is-layout-flex\">\n<h2 class=\"wp-block-heading\">Dis la mer, d&rsquo;o\u00f9 viens-tu?<\/h2>\n\n\n\n<figure class=\"wp-block-image size-full\"><img loading=\"lazy\" decoding=\"async\" width=\"964\" height=\"266\" src=\"https:\/\/charline-montagne.fr\/wp-content\/uploads\/2026\/02\/image.png\" alt=\"\" class=\"wp-image-25\" srcset=\"https:\/\/charline-montagne.fr\/wp-content\/uploads\/2026\/02\/image.png 964w, https:\/\/charline-montagne.fr\/wp-content\/uploads\/2026\/02\/image-300x83.png 300w, https:\/\/charline-montagne.fr\/wp-content\/uploads\/2026\/02\/image-768x212.png 768w\" sizes=\"auto, (max-width: 964px) 100vw, 964px\" \/><\/figure>\n\n\n\n<p>Le cycle de l&rsquo;eau racont\u00e9 en remontant le cours du fleuve, de la rivi\u00e8re et du ruisseau.<\/p>\n\n\n\n<p>Des images cr\u00e9es \u00e0 partir de terre model\u00e9e puis cuite et \u00e9maill\u00e9e \u00e0 1200 degr\u00e9s.<\/p>\n\n\n\n<p>Une version Kamishiba\u00ef existe pour la classe en version anglaise et fran\u00e7aise avec 4 pages suppl\u00e9mentaires. \u00c9dition Lire Demain.<\/p>\n\n\n\n<hr class=\"wp-block-separator has-alpha-channel-opacity\"\/>\n\n\n\n<h2 class=\"wp-block-heading\">Indigo est en col\u00e8re<\/h2>\n\n\n\n<figure class=\"wp-block-image size-large\"><img loading=\"lazy\" decoding=\"async\" width=\"1024\" height=\"396\" src=\"https:\/\/charline-montagne.fr\/wp-content\/uploads\/2026\/02\/image-1-1024x396.png\" alt=\"\" class=\"wp-image-26\" srcset=\"https:\/\/charline-montagne.fr\/wp-content\/uploads\/2026\/02\/image-1-1024x396.png 1024w, https:\/\/charline-montagne.fr\/wp-content\/uploads\/2026\/02\/image-1-300x116.png 300w, https:\/\/charline-montagne.fr\/wp-content\/uploads\/2026\/02\/image-1-768x297.png 768w, https:\/\/charline-montagne.fr\/wp-content\/uploads\/2026\/02\/image-1.png 1429w\" sizes=\"auto, (max-width: 1024px) 100vw, 1024px\" \/><\/figure>\n\n\n\n<p>L&rsquo;histoire d&rsquo;un petit \u00e9l\u00e9phant que le lecteur va aider \u00e0 calmer. Pour apprendre \u00e0 g\u00e9rer ses \u00e9motions et trouver des gestes qui apaisent.<\/p>\n\n\n\n<p>R\u00e9aliser \u00e0 l&rsquo;aquarelle avec des graphismes en crayonn\u00e9, les personnages jouent avec les pages du livres pour cr\u00e9er une illusion de relief.<\/p>\n\n\n\n<hr class=\"wp-block-separator has-alpha-channel-opacity\"\/>\n\n\n\n<h2 class=\"wp-block-heading\">Le petit monstre du noir (Pop-up)<\/h2>\n\n\n\n<figure class=\"wp-block-image size-large\"><img loading=\"lazy\" decoding=\"async\" width=\"1024\" height=\"616\" src=\"https:\/\/charline-montagne.fr\/wp-content\/uploads\/2026\/02\/image-2-1024x616.png\" alt=\"\" class=\"wp-image-27\" srcset=\"https:\/\/charline-montagne.fr\/wp-content\/uploads\/2026\/02\/image-2-1024x616.png 1024w, https:\/\/charline-montagne.fr\/wp-content\/uploads\/2026\/02\/image-2-300x181.png 300w, https:\/\/charline-montagne.fr\/wp-content\/uploads\/2026\/02\/image-2-768x462.png 768w, https:\/\/charline-montagne.fr\/wp-content\/uploads\/2026\/02\/image-2.png 1072w\" sizes=\"auto, (max-width: 1024px) 100vw, 1024px\" \/><\/figure>\n\n\n\n<p>L&rsquo;enfant n&rsquo;arrive pas \u00e0 dormir. Pour vaincre sa peur les po up vont se d\u00e9ployer et aider le lecteur \u00e0 apprivoiser les sons et les sensations ressentis dans le noir de la chambre.<\/p>\n\n\n\n<p>Humour et jeu de cache cache agr\u00e9mente cet univers pour rendre le noir sympathique.<\/p>\n<\/div>\n\n\n\n<p><\/p>\n\n\n\n<p><\/p>\n","protected":false},"excerpt":{"rendered":"<p>Livres jeunesse aux \u00e9ditions la \u00ab\u00a0Poule Qui Pond\u00a0\u00bb Dis la mer, d&rsquo;o\u00f9 viens-tu? Le cycle de l&rsquo;eau racont\u00e9 en remontant le cours du fleuve, de la rivi\u00e8re et du ruisseau. Des images cr\u00e9es \u00e0 partir de terre model\u00e9e puis cuite et \u00e9maill\u00e9e \u00e0 1200 degr\u00e9s. Une version Kamishiba\u00ef existe pour la classe en version anglaise [&hellip;]<\/p>\n","protected":false},"author":1,"featured_media":0,"parent":0,"menu_order":0,"comment_status":"closed","ping_status":"closed","template":"","meta":{"footnotes":""},"class_list":["post-24","page","type-page","status-publish","hentry"],"_links":{"self":[{"href":"https:\/\/charline-montagne.fr\/index.php?rest_route=\/wp\/v2\/pages\/24","targetHints":{"allow":["GET"]}}],"collection":[{"href":"https:\/\/charline-montagne.fr\/index.php?rest_route=\/wp\/v2\/pages"}],"about":[{"href":"https:\/\/charline-montagne.fr\/index.php?rest_route=\/wp\/v2\/types\/page"}],"author":[{"embeddable":true,"href":"https:\/\/charline-montagne.fr\/index.php?rest_route=\/wp\/v2\/users\/1"}],"replies":[{"embeddable":true,"href":"https:\/\/charline-montagne.fr\/index.php?rest_route=%2Fwp%2Fv2%2Fcomments&post=24"}],"version-history":[{"count":1,"href":"https:\/\/charline-montagne.fr\/index.php?rest_route=\/wp\/v2\/pages\/24\/revisions"}],"predecessor-version":[{"id":28,"href":"https:\/\/charline-montagne.fr\/index.php?rest_route=\/wp\/v2\/pages\/24\/revisions\/28"}],"wp:attachment":[{"href":"https:\/\/charline-montagne.fr\/index.php?rest_route=%2Fwp%2Fv2%2Fmedia&parent=24"}],"curies":[{"name":"wp","href":"https:\/\/api.w.org\/{rel}","templated":true}]}}